{"id":8,"date":"2021-04-23T08:55:24","date_gmt":"2021-04-23T08:55:24","guid":{"rendered":"https:\/\/pulsarhidrojen.com\/zeva\/?page_id=8"},"modified":"2021-12-01T14:56:48","modified_gmt":"2021-12-01T14:56:48","slug":"biz-kimiz","status":"publish","type":"page","link":"https:\/\/vld.com.tr\/en\/biz-kimiz\/","title":{"rendered":"Who Are We?"},"content":{"rendered":"<div data-elementor-type=\"wp-page\" data-elementor-id=\"8\" class=\"elementor elementor-8\" data-elementor-settings=\"[]\">\n\t\t\t\t\t\t<div class=\"elementor-inner\">\n\t\t\t\t\t\t\t<div class=\"elementor-section-wrap\">\n\t\t\t\t\t\t\t<section data-particle_enable=\"false\" class=\"elementor-section elementor-top-section elementor-element elementor-element-c9c8877 elementor-section-boxed elementor-section-height-default elementor-section-height-default\" data-id=\"c9c8877\" data-element_type=\"section\" data-settings=\"{&quot;background_background&quot;:&quot;gradient&quot;}\">\n\t\t\t\t\t\t<div class=\"elementor-container elementor-column-gap-default\">\n\t\t\t\t\t\t\t<div class=\"elementor-row\">\n\t\t\t\t\t<div class=\"elementor-column elementor-col-100 elementor-top-column elementor-element elementor-element-6e99662\" data-id=\"6e99662\" data-element_type=\"column\">\n\t\t\t<div class=\"elementor-column-wrap elementor-element-populated\">\n\t\t\t\t\t\t\t<div class=\"elementor-widget-wrap\">\n\t\t\t\t\t\t<section data-particle_enable=\"false\" class=\"elementor-section elementor-inner-section elementor-element elementor-element-29204be elementor-section-boxed elementor-section-height-default elementor-section-height-default\" data-id=\"29204be\" data-element_type=\"section\">\n\t\t\t\t\t\t<div class=\"elementor-container elementor-column-gap-default\">\n\t\t\t\t\t\t\t<div class=\"elementor-row\">\n\t\t\t\t\t<div class=\"elementor-column elementor-col-50 elementor-inner-column elementor-element elementor-element-42f762b\" data-id=\"42f762b\" data-element_type=\"column\">\n\t\t\t<div class=\"elementor-column-wrap elementor-element-populated\">\n\t\t\t\t\t\t\t<div class=\"elementor-widget-wrap\">\n\t\t\t\t\t\t<div class=\"elementor-element elementor-element-f89d96e elementor-widget elementor-widget-text-editor\" data-id=\"f89d96e\" data-element_type=\"widget\" data-widget_type=\"text-editor.default\">\n\t\t\t\t<div class=\"elementor-widget-container\">\n\t\t\t\t\t<div class=\"elementor-text-editor elementor-clearfix\"><p><strong>Who Are We?<br \/><\/strong><\/p><p>VLD Engineering is an R&D, engineering and consultancy firm working on reducing carbon emissions and reducing energy costs in chimney industries.<\/p><p><strong>What are we doing?<\/strong><\/p><p>Thanks to its patented technology, VLD Engineering works in the fields of consultancy, project management and facility development in areas such as hydrogen production, transmission, use as fuel and electricity generation by separating hydrogen with 99% purity by using palladium separator from flue gas.<\/p><p><strong>How do we do it?<\/strong><\/p><p>The Carbon Monoxide gas in the flue gas is reacted by spraying water passed through the catalysts, hydrogen is obtained as a result of the reaction and separated with palladium separator.<\/p><p>In systems with low carbon monoxide, energy savings can be achieved with methane degradation.<\/p><\/div>\n\t\t\t\t<\/div>\n\t\t\t\t<\/div>\n\t\t\t\t\t\t<\/div>\n\t\t\t\t\t<\/div>\n\t\t<\/div>\n\t\t\t\t<div class=\"elementor-column elementor-col-50 elementor-inner-column elementor-element elementor-element-3796627\" data-id=\"3796627\" data-element_type=\"column\">\n\t\t\t<div class=\"elementor-column-wrap elementor-element-populated\">\n\t\t\t\t\t\t\t<div class=\"elementor-widget-wrap\">\n\t\t\t\t\t\t<div class=\"elementor-element elementor-element-24f52f5 elementor-hidden-tablet elementor-hidden-phone elementor-widget elementor-widget-image\" data-id=\"24f52f5\" data-element_type=\"widget\" data-widget_type=\"image.default\">\n\t\t\t\t<div class=\"elementor-widget-container\">\n\t\t\t\t\t<div class=\"elementor-image\">\n\t\t\t\t\t\t\t\t\t\t<img width=\"583\" height=\"311\" src=\"https:\/\/vld.com.tr\/wp-content\/uploads\/2021\/05\/Resim1.png\" class=\"attachment-large size-large\" alt=\"\" decoding=\"async\" loading=\"lazy\" srcset=\"https:\/\/vld.com.tr\/wp-content\/uploads\/2021\/05\/Resim1.png 583w, https:\/\/vld.com.tr\/wp-content\/uploads\/2021\/05\/Resim1-300x160.png 300w\" sizes=\"(max-width: 583px) 100vw, 583px\" style=\"width:100%;height:53.34%;max-width:583px;\" \/>\t\t\t\t\t\t\t\t\t\t\t<\/div>\n\t\t\t\t<\/div>\n\t\t\t\t<\/div>\n\t\t\t\t\t\t<\/div>\n\t\t\t\t\t<\/div>\n\t\t<\/div>\n\t\t\t\t\t\t\t\t<\/div>\n\t\t\t\t\t<\/div>\n\t\t<\/section>\n\t\t\t\t\t\t<\/div>\n\t\t\t\t\t<\/div>\n\t\t<\/div>\n\t\t\t\t\t\t\t\t<\/div>\n\t\t\t\t\t<\/div>\n\t\t<\/section>\n\t\t\t\t<section data-particle_enable=\"false\" class=\"elementor-section elementor-top-section elementor-element elementor-element-73223535 elementor-section-content-middle elementor-hidden-desktop elementor-hidden-tablet elementor-hidden-phone elementor-section-boxed elementor-section-height-default elementor-section-height-default\" data-id=\"73223535\" data-element_type=\"section\" data-settings=\"{&quot;shape_divider_top&quot;:&quot;tilt&quot;}\">\n\t\t\t\t\t<div class=\"elementor-shape elementor-shape-top\" data-negative=\"false\">\n\t\t\t<svg xmlns=\"http:\/\/www.w3.org\/2000\/svg\" viewbox=\"0 0 1000 100\" preserveaspectratio=\"none\">\n\t<path class=\"elementor-shape-fill\" d=\"M0,6V0h1000v100L0,6z\"\/>\n<\/svg>\t\t<\/div>\n\t\t\t\t\t<div class=\"elementor-container elementor-column-gap-no\">\n\t\t\t\t\t\t\t<div class=\"elementor-row\">\n\t\t\t\t\t<div class=\"elementor-column elementor-col-50 elementor-top-column elementor-element elementor-element-37a7124b\" data-id=\"37a7124b\" data-element_type=\"column\">\n\t\t\t<div class=\"elementor-column-wrap elementor-element-populated\">\n\t\t\t\t\t\t\t<div class=\"elementor-widget-wrap\">\n\t\t\t\t\t\t<div class=\"elementor-element elementor-element-35ea9d09 elementor-position-left elementor-vertical-align-middle elementor-widget elementor-widget-image-box\" data-id=\"35ea9d09\" data-element_type=\"widget\" data-widget_type=\"image-box.default\">\n\t\t\t\t<div class=\"elementor-widget-container\">\n\t\t\t<div class=\"elementor-image-box-wrapper\"><figure class=\"elementor-image-box-img\"><img width=\"102\" height=\"120\" src=\"https:\/\/vld.com.tr\/wp-content\/uploads\/2021\/05\/Resim2.jpg\" class=\"attachment-full size-full\" alt=\"\" decoding=\"async\" loading=\"lazy\" style=\"width:100%;height:117.65%;max-width:102px;\" \/><\/figure><div class=\"elementor-image-box-content\"><h3 class=\"elementor-image-box-title\">Yusuf Furkan Erg\u00fcr<\/h3><p class=\"elementor-image-box-description\">Founder<\/p><\/div><\/div>\t\t<\/div>\n\t\t\t\t<\/div>\n\t\t\t\t<div class=\"elementor-element elementor-element-206232 elementor-widget elementor-widget-text-editor\" data-id=\"206232\" data-element_type=\"widget\" data-widget_type=\"text-editor.default\">\n\t\t\t\t<div class=\"elementor-widget-container\">\n\t\t\t\t\t<div class=\"elementor-text-editor elementor-clearfix\"><p>Yusuf, as a person with 6 years of R&D management experience in 6 different Corporate Firms, has been involved in VLD Engineering for 2 years on the commercialization of his own patented product. As an expert R&D manager, he has a rare R&D experience in hydrogen.<\/p><\/div>\n\t\t\t\t<\/div>\n\t\t\t\t<\/div>\n\t\t\t\t\t\t<\/div>\n\t\t\t\t\t<\/div>\n\t\t<\/div>\n\t\t\t\t<div class=\"elementor-column elementor-col-50 elementor-top-column elementor-element elementor-element-2ae96c5\" data-id=\"2ae96c5\" data-element_type=\"column\">\n\t\t\t<div class=\"elementor-column-wrap elementor-element-populated\">\n\t\t\t\t\t\t\t<div class=\"elementor-widget-wrap\">\n\t\t\t\t\t\t<div class=\"elementor-element elementor-element-7333920c elementor-position-left elementor-vertical-align-middle elementor-widget elementor-widget-image-box\" data-id=\"7333920c\" data-element_type=\"widget\" data-widget_type=\"image-box.default\">\n\t\t\t\t<div class=\"elementor-widget-container\">\n\t\t\t<div class=\"elementor-image-box-wrapper\"><figure class=\"elementor-image-box-img\"><img width=\"102\" height=\"121\" src=\"https:\/\/vld.com.tr\/wp-content\/uploads\/2021\/05\/Resim3.jpg\" class=\"attachment-full size-full\" alt=\"\" decoding=\"async\" loading=\"lazy\" style=\"width:100%;height:118.63%;max-width:102px;\" \/><\/figure><div class=\"elementor-image-box-content\"><h3 class=\"elementor-image-box-title\">Fikri Karpuz<\/h3><p class=\"elementor-image-box-description\">Sales and marketing<\/p><\/div><\/div>\t\t<\/div>\n\t\t\t\t<\/div>\n\t\t\t\t<div class=\"elementor-element elementor-element-41741d0f elementor-widget elementor-widget-text-editor\" data-id=\"41741d0f\" data-element_type=\"widget\" data-widget_type=\"text-editor.default\">\n\t\t\t\t<div class=\"elementor-widget-container\">\n\t\t\t\t\t<div class=\"elementor-text-editor elementor-clearfix\"><p>Fikri has 14 years of work experience. After starting his career as a Sales Specialist in Nestle North America, he progressed in project and business development areas in different companies. Afterwards, he specialized in the alternative energy sector and has sectoral experience for about 10 years.<\/p><\/div>\n\t\t\t\t<\/div>\n\t\t\t\t<\/div>\n\t\t\t\t\t\t<\/div>\n\t\t\t\t\t<\/div>\n\t\t<\/div>\n\t\t\t\t\t\t\t\t<\/div>\n\t\t\t\t\t<\/div>\n\t\t<\/section>\n\t\t\t\t<section data-particle_enable=\"false\" class=\"elementor-section elementor-top-section elementor-element elementor-element-ade9094 elementor-section-content-middle elementor-hidden-desktop elementor-hidden-tablet elementor-hidden-phone elementor-section-boxed elementor-section-height-default elementor-section-height-default\" data-id=\"ade9094\" data-element_type=\"section\">\n\t\t\t\t\t\t<div class=\"elementor-container elementor-column-gap-no\">\n\t\t\t\t\t\t\t<div class=\"elementor-row\">\n\t\t\t\t\t<div class=\"elementor-column elementor-col-50 elementor-top-column elementor-element elementor-element-3fbca07\" data-id=\"3fbca07\" data-element_type=\"column\">\n\t\t\t<div class=\"elementor-column-wrap elementor-element-populated\">\n\t\t\t\t\t\t\t<div class=\"elementor-widget-wrap\">\n\t\t\t\t\t\t<div class=\"elementor-element elementor-element-10fd610 elementor-position-left elementor-vertical-align-middle elementor-widget elementor-widget-image-box\" data-id=\"10fd610\" data-element_type=\"widget\" data-widget_type=\"image-box.default\">\n\t\t\t\t<div class=\"elementor-widget-container\">\n\t\t\t<div class=\"elementor-image-box-wrapper\"><figure class=\"elementor-image-box-img\"><img width=\"102\" height=\"121\" src=\"https:\/\/vld.com.tr\/wp-content\/uploads\/2021\/05\/Resim4.jpg\" class=\"attachment-full size-full\" alt=\"\" decoding=\"async\" loading=\"lazy\" style=\"width:100%;height:118.63%;max-width:102px;\" \/><\/figure><div class=\"elementor-image-box-content\"><h3 class=\"elementor-image-box-title\">Baran Korkut<\/h3><p class=\"elementor-image-box-description\">Strategist<\/p><\/div><\/div>\t\t<\/div>\n\t\t\t\t<\/div>\n\t\t\t\t<div class=\"elementor-element elementor-element-9aa3136 elementor-widget elementor-widget-text-editor\" data-id=\"9aa3136\" data-element_type=\"widget\" data-widget_type=\"text-editor.default\">\n\t\t\t\t<div class=\"elementor-widget-container\">\n\t\t\t\t\t<div class=\"elementor-text-editor elementor-clearfix\"><p>Baran has 15 years of work experience. After many years of strategy Consulting, he continued his career in Business Model innovation and worked as Business Models Inc. Turkey became a partner she. Since 2017, he has been responsible for business models and product design at Workinlot, of which he is a partner. He is working on international growth at VLD Engineering, of which he is an investor.<\/p><\/div>\n\t\t\t\t<\/div>\n\t\t\t\t<\/div>\n\t\t\t\t\t\t<\/div>\n\t\t\t\t\t<\/div>\n\t\t<\/div>\n\t\t\t\t<div class=\"elementor-column elementor-col-50 elementor-top-column elementor-element elementor-element-b949086\" data-id=\"b949086\" data-element_type=\"column\">\n\t\t\t<div class=\"elementor-column-wrap elementor-element-populated\">\n\t\t\t\t\t\t\t<div class=\"elementor-widget-wrap\">\n\t\t\t\t\t\t<div class=\"elementor-element elementor-element-4109a4c elementor-position-left elementor-vertical-align-middle elementor-widget elementor-widget-image-box\" data-id=\"4109a4c\" data-element_type=\"widget\" data-widget_type=\"image-box.default\">\n\t\t\t\t<div class=\"elementor-widget-container\">\n\t\t\t<div class=\"elementor-image-box-wrapper\"><figure class=\"elementor-image-box-img\"><img width=\"102\" height=\"121\" src=\"https:\/\/vld.com.tr\/wp-content\/uploads\/2021\/05\/Resim5.jpg\" class=\"attachment-full size-full\" alt=\"\" decoding=\"async\" loading=\"lazy\" style=\"width:100%;height:118.63%;max-width:102px;\" \/><\/figure><div class=\"elementor-image-box-content\"><h3 class=\"elementor-image-box-title\">Atilla Erel<\/h3><p class=\"elementor-image-box-description\">Investment and International Cooperation\n<\/p><\/div><\/div>\t\t<\/div>\n\t\t\t\t<\/div>\n\t\t\t\t<div class=\"elementor-element elementor-element-0ca451e elementor-widget elementor-widget-text-editor\" data-id=\"0ca451e\" data-element_type=\"widget\" data-widget_type=\"text-editor.default\">\n\t\t\t\t<div class=\"elementor-widget-container\">\n\t\t\t\t\t<div class=\"elementor-text-editor elementor-clearfix\"><p>Atilla has 14 years of international trade experience in the markets of China, Italy, Spain and Turkey, and 6 years of construction management experience in the Turkish market. Currently, he is the co-founder and Chief Dreamer of the Workinlot open innovation platform. He provides expansion strategy consultancy services at VLD M\u00fchendislik, of which he is an investor.<\/p><\/div>\n\t\t\t\t<\/div>\n\t\t\t\t<\/div>\n\t\t\t\t\t\t<\/div>\n\t\t\t\t\t<\/div>\n\t\t<\/div>\n\t\t\t\t\t\t\t\t<\/div>\n\t\t\t\t\t<\/div>\n\t\t<\/section>\n\t\t\t\t<section data-particle_enable=\"false\" class=\"elementor-section elementor-top-section elementor-element elementor-element-08b685f elementor-section-content-middle elementor-hidden-desktop elementor-hidden-tablet elementor-hidden-phone elementor-section-boxed elementor-section-height-default elementor-section-height-default\" data-id=\"08b685f\" data-element_type=\"section\">\n\t\t\t\t\t\t<div class=\"elementor-container elementor-column-gap-no\">\n\t\t\t\t\t\t\t<div class=\"elementor-row\">\n\t\t\t\t\t<div class=\"elementor-column elementor-col-50 elementor-top-column elementor-element elementor-element-068f6de\" data-id=\"068f6de\" data-element_type=\"column\">\n\t\t\t<div class=\"elementor-column-wrap elementor-element-populated\">\n\t\t\t\t\t\t\t<div class=\"elementor-widget-wrap\">\n\t\t\t\t\t\t<div class=\"elementor-element elementor-element-4d688e8 elementor-position-left elementor-vertical-align-middle elementor-widget elementor-widget-image-box\" data-id=\"4d688e8\" data-element_type=\"widget\" data-widget_type=\"image-box.default\">\n\t\t\t\t<div class=\"elementor-widget-container\">\n\t\t\t<div class=\"elementor-image-box-wrapper\"><figure class=\"elementor-image-box-img\"><img width=\"102\" height=\"121\" src=\"https:\/\/vld.com.tr\/wp-content\/uploads\/2021\/05\/Resim1.jpg\" class=\"attachment-full size-full\" alt=\"\" decoding=\"async\" loading=\"lazy\" style=\"width:100%;height:118.63%;max-width:102px;\" \/><\/figure><div class=\"elementor-image-box-content\"><h3 class=\"elementor-image-box-title\">Celalettin \u00c7a\u011flar<\/h3><p class=\"elementor-image-box-description\">Business Development<\/p><\/div><\/div>\t\t<\/div>\n\t\t\t\t<\/div>\n\t\t\t\t<div class=\"elementor-element elementor-element-6defba4 elementor-widget elementor-widget-text-editor\" data-id=\"6defba4\" data-element_type=\"widget\" data-widget_type=\"text-editor.default\">\n\t\t\t\t<div class=\"elementor-widget-container\">\n\t\t\t\t\t<div class=\"elementor-text-editor elementor-clearfix\"><p>He started his career as a Project Engineer in the Special Projects Department in Otosan in 1978 and then moved to Otokar A.\u015e. It dealt with import, export and trade between 1988-2000. Between 2000-2016, he served as the Chairman of the Board of Automotive and Cement Companies at the General Directorate of OYAK. He speaks English and German. He is married and has a child.<\/p><\/div>\n\t\t\t\t<\/div>\n\t\t\t\t<\/div>\n\t\t\t\t\t\t<\/div>\n\t\t\t\t\t<\/div>\n\t\t<\/div>\n\t\t\t\t<div class=\"elementor-column elementor-col-50 elementor-top-column elementor-element elementor-element-26f76a0\" data-id=\"26f76a0\" data-element_type=\"column\">\n\t\t\t<div class=\"elementor-column-wrap elementor-element-populated\">\n\t\t\t\t\t\t\t<div class=\"elementor-widget-wrap\">\n\t\t\t\t\t\t<div class=\"elementor-element elementor-element-83a15b9 elementor-position-left elementor-vertical-align-middle elementor-widget elementor-widget-image-box\" data-id=\"83a15b9\" data-element_type=\"widget\" data-widget_type=\"image-box.default\">\n\t\t\t\t<div class=\"elementor-widget-container\">\n\t\t\t<div class=\"elementor-image-box-wrapper\"><figure class=\"elementor-image-box-img\"><img width=\"159\" height=\"188\" src=\"https:\/\/vld.com.tr\/wp-content\/uploads\/2021\/05\/Resim2.png\" class=\"attachment-full size-full\" alt=\"\" decoding=\"async\" loading=\"lazy\" style=\"width:100%;height:118.24%;max-width:159px;\" \/><\/figure><div class=\"elementor-image-box-content\"><h3 class=\"elementor-image-box-title\">Didem Korkut<\/h3><p class=\"elementor-image-box-description\">Operation Management<\/p><\/div><\/div>\t\t<\/div>\n\t\t\t\t<\/div>\n\t\t\t\t<div class=\"elementor-element elementor-element-3b586d3 elementor-widget elementor-widget-text-editor\" data-id=\"3b586d3\" data-element_type=\"widget\" data-widget_type=\"text-editor.default\">\n\t\t\t\t<div class=\"elementor-widget-container\">\n\t\t\t\t\t<div class=\"elementor-text-editor elementor-clearfix\"><p>In the first half of her professional business life of more than 15 years, Didem provided consultancy on planning, process optimization, sales, marketing growth and program management. Afterwards, she worked as a strategy and business development and international marketing manager in Eczac\u0131ba\u015f\u0131 Group. Since 2017, he has been working in the fields of strategy and project coordination within Workinlot and VLD Engineering.<\/p><\/div>\n\t\t\t\t<\/div>\n\t\t\t\t<\/div>\n\t\t\t\t\t\t<\/div>\n\t\t\t\t\t<\/div>\n\t\t<\/div>\n\t\t\t\t\t\t\t\t<\/div>\n\t\t\t\t\t<\/div>\n\t\t<\/section>\n\t\t\t\t<section data-particle_enable=\"false\" class=\"elementor-section elementor-top-section elementor-element elementor-element-d187a16 elementor-section-content-middle elementor-hidden-desktop elementor-hidden-tablet elementor-hidden-phone elementor-section-boxed elementor-section-height-default elementor-section-height-default\" data-id=\"d187a16\" data-element_type=\"section\">\n\t\t\t\t\t\t<div class=\"elementor-container elementor-column-gap-no\">\n\t\t\t\t\t\t\t<div class=\"elementor-row\">\n\t\t\t\t\t<div class=\"elementor-column elementor-col-50 elementor-top-column elementor-element elementor-element-7df8d36\" data-id=\"7df8d36\" data-element_type=\"column\">\n\t\t\t<div class=\"elementor-column-wrap elementor-element-populated\">\n\t\t\t\t\t\t\t<div class=\"elementor-widget-wrap\">\n\t\t\t\t\t\t<div class=\"elementor-element elementor-element-497f41c elementor-position-left elementor-vertical-align-middle elementor-widget elementor-widget-image-box\" data-id=\"497f41c\" data-element_type=\"widget\" data-widget_type=\"image-box.default\">\n\t\t\t\t<div class=\"elementor-widget-container\">\n\t\t\t<div class=\"elementor-image-box-wrapper\"><figure class=\"elementor-image-box-img\"><img width=\"102\" height=\"121\" src=\"https:\/\/vld.com.tr\/wp-content\/uploads\/2021\/05\/Resim3-1.jpg\" class=\"attachment-medium size-medium\" alt=\"\" decoding=\"async\" loading=\"lazy\" style=\"width:100%;height:118.63%;max-width:102px;\" \/><\/figure><div class=\"elementor-image-box-content\"><h3 class=\"elementor-image-box-title\">Sinan Yal\u00e7\u0131n<\/h3><p class=\"elementor-image-box-description\">Application<\/p><\/div><\/div>\t\t<\/div>\n\t\t\t\t<\/div>\n\t\t\t\t<div class=\"elementor-element elementor-element-07190a6 elementor-widget elementor-widget-text-editor\" data-id=\"07190a6\" data-element_type=\"widget\" data-widget_type=\"text-editor.default\">\n\t\t\t\t<div class=\"elementor-widget-container\">\n\t\t\t\t\t<div class=\"elementor-text-editor elementor-clearfix\"><p>Sinan has 23 years of work experience. Mechanical installation application work experience, which he started in Levent \u0130\u015f Towers in 1997, has been brought to the present day with Prizma Engineering, which he established in 2002. In addition to having experience in installation applications in many fields from industrial to comfort applications; It has served for many years in a wide portfolio including many corporate companies such as \u0130GA, THY, and TURKCELL.<\/p><\/div>\n\t\t\t\t<\/div>\n\t\t\t\t<\/div>\n\t\t\t\t\t\t<\/div>\n\t\t\t\t\t<\/div>\n\t\t<\/div>\n\t\t\t\t<div class=\"elementor-column elementor-col-50 elementor-top-column elementor-element elementor-element-e0e3cd5\" data-id=\"e0e3cd5\" data-element_type=\"column\">\n\t\t\t<div class=\"elementor-column-wrap elementor-element-populated\">\n\t\t\t\t\t\t\t<div class=\"elementor-widget-wrap\">\n\t\t\t\t\t\t<div class=\"elementor-element elementor-element-0f8051d elementor-position-left elementor-vertical-align-middle elementor-widget elementor-widget-image-box\" data-id=\"0f8051d\" data-element_type=\"widget\" data-widget_type=\"image-box.default\">\n\t\t\t\t<div class=\"elementor-widget-container\">\n\t\t\t<div class=\"elementor-image-box-wrapper\"><figure class=\"elementor-image-box-img\"><img width=\"102\" height=\"121\" src=\"https:\/\/vld.com.tr\/wp-content\/uploads\/2021\/05\/Resim4-1.jpg\" class=\"attachment-medium size-medium\" alt=\"\" decoding=\"async\" loading=\"lazy\" style=\"width:100%;height:118.63%;max-width:102px;\" \/><\/figure><div class=\"elementor-image-box-content\"><h3 class=\"elementor-image-box-title\">Dr. Ramazan Donat<\/h3><p class=\"elementor-image-box-description\">Counselor<\/p><\/div><\/div>\t\t<\/div>\n\t\t\t\t<\/div>\n\t\t\t\t<div class=\"elementor-element elementor-element-e64aaa1 elementor-widget elementor-widget-text-editor\" data-id=\"e64aaa1\" data-element_type=\"widget\" data-widget_type=\"text-editor.default\">\n\t\t\t\t<div class=\"elementor-widget-container\">\n\t\t\t\t\t<div class=\"elementor-text-editor elementor-clearfix\"><p>Pamukkale University Faculty of Arts and Sciences Department of Chemistry Lecturer Dr. Instructor Member Ramazan Donat has been actively consulting at VLD Engineering since 2017. Ramazan Donat, who has many publications on organic chemistry, has provided great support for the chemical reactions taking place in our system and is currently working on increasing the reaction efficiency.<\/p><\/div>\n\t\t\t\t<\/div>\n\t\t\t\t<\/div>\n\t\t\t\t\t\t<\/div>\n\t\t\t\t\t<\/div>\n\t\t<\/div>\n\t\t\t\t\t\t\t\t<\/div>\n\t\t\t\t\t<\/div>\n\t\t<\/section>\n\t\t\t\t<section data-particle_enable=\"false\" class=\"elementor-section elementor-top-section elementor-element elementor-element-60b4016 elementor-section-content-middle elementor-section-boxed elementor-section-height-default elementor-section-height-default\" data-id=\"60b4016\" data-element_type=\"section\" data-settings=\"{&quot;background_background&quot;:&quot;classic&quot;}\">\n\t\t\t\t\t\t<div class=\"elementor-container elementor-column-gap-no\">\n\t\t\t\t\t\t\t<div class=\"elementor-row\">\n\t\t\t\t\t<div class=\"elementor-column elementor-col-100 elementor-top-column elementor-element elementor-element-540f9f5\" data-id=\"540f9f5\" data-element_type=\"column\">\n\t\t\t<div class=\"elementor-column-wrap elementor-element-populated\">\n\t\t\t\t\t\t\t<div class=\"elementor-widget-wrap\">\n\t\t\t\t\t\t<div class=\"elementor-element elementor-element-40c71d8 elementor-position-left elementor-vertical-align-middle elementor-widget elementor-widget-image-box\" data-id=\"40c71d8\" data-element_type=\"widget\" data-widget_type=\"image-box.default\">\n\t\t\t\t<div class=\"elementor-widget-container\">\n\t\t\t<div class=\"elementor-image-box-wrapper\"><figure class=\"elementor-image-box-img\"><img width=\"87\" height=\"83\" src=\"https:\/\/vld.com.tr\/wp-content\/uploads\/2021\/05\/Resim6.png\" class=\"attachment-medium size-medium\" alt=\"\" decoding=\"async\" loading=\"lazy\" style=\"width:100%;height:95.4%;max-width:87px;\" \/><\/figure><div class=\"elementor-image-box-content\"><h3 class=\"elementor-image-box-title\">Prizma Technical Engineering<\/h3><p class=\"elementor-image-box-description\">Prizma Teknik M\u00fchendislik carries out the assembly, installation and field works of our system under the control of VLD Engineering.\n<\/p><\/div><\/div>\t\t<\/div>\n\t\t\t\t<\/div>\n\t\t\t\t\t\t<\/div>\n\t\t\t\t\t<\/div>\n\t\t<\/div>\n\t\t\t\t\t\t\t\t<\/div>\n\t\t\t\t\t<\/div>\n\t\t<\/section>\n\t\t\t\t\t\t<\/div>\n\t\t\t\t\t\t<\/div>\n\t\t\t\t\t<\/div>","protected":false},"excerpt":{"rendered":"<p>Biz Kimiz? VLD M\u00fchendislik, bacal\u0131 end\u00fcstrilerde karbon emisyonlar\u0131n\u0131n d\u00fc\u015f\u00fcr\u00fclmesi ve enerji maliyetlerinin azalt\u0131lmas\u0131 \u00fczerinde \u00e7al\u0131\u015fan bir ar-ge, m\u00fchendislik ve dan\u0131\u015fmanl\u0131k firmas\u0131d\u0131r. Ne Yap\u0131yoruz? VLD M\u00fchendislik patentli teknolojisi sayesinde baca gaz\u0131ndan paladyum separat\u00f6r\u00fc kullan\u0131m\u0131yla %99 safl\u0131k oran\u0131nda hidrojen ayr\u0131\u015ft\u0131rarak hidrojenin, \u00fcretimi, iletimi, yak\u0131t olarak kullan\u0131m\u0131 ve elektrik \u00fcretiminde kullan\u0131m\u0131 gibi alanlarda dan\u0131\u015fmanl\u0131k, proje y\u00f6netimi ve tesis&hellip; <a class=\"more-link\" href=\"https:\/\/vld.com.tr\/en\/biz-kimiz\/\">Continue reading <span class=\"screen-reader-text\">Who Are We?<\/span><\/a><\/p>","protected":false},"author":1,"featured_media":0,"parent":0,"menu_order":0,"comment_status":"closed","ping_status":"closed","template":"elementor_header_footer","meta":[],"_links":{"self":[{"href":"https:\/\/vld.com.tr\/en\/wp-json\/wp\/v2\/pages\/8"}],"collection":[{"href":"https:\/\/vld.com.tr\/en\/wp-json\/wp\/v2\/pages"}],"about":[{"href":"https:\/\/vld.com.tr\/en\/wp-json\/wp\/v2\/types\/page"}],"author":[{"embeddable":true,"href":"https:\/\/vld.com.tr\/en\/wp-json\/wp\/v2\/users\/1"}],"replies":[{"embeddable":true,"href":"https:\/\/vld.com.tr\/en\/wp-json\/wp\/v2\/comments?post=8"}],"version-history":[{"count":44,"href":"https:\/\/vld.com.tr\/en\/wp-json\/wp\/v2\/pages\/8\/revisions"}],"predecessor-version":[{"id":517,"href":"https:\/\/vld.com.tr\/en\/wp-json\/wp\/v2\/pages\/8\/revisions\/517"}],"wp:attachment":[{"href":"https:\/\/vld.com.tr\/en\/wp-json\/wp\/v2\/media?parent=8"}],"curies":[{"name":"wp","href":"https:\/\/api.w.org\/{rel}","templated":true}]}}