{"id":17,"date":"2021-04-23T08:56:22","date_gmt":"2021-04-23T08:56:22","guid":{"rendered":"https:\/\/pulsarhidrojen.com\/zeva\/?page_id=17"},"modified":"2021-12-22T21:23:46","modified_gmt":"2021-12-22T21:23:46","slug":"iletisim","status":"publish","type":"page","link":"https:\/\/vld.com.tr\/en\/iletisim\/","title":{"rendered":"Contact Us"},"content":{"rendered":"<div data-elementor-type=\"wp-page\" data-elementor-id=\"17\" class=\"elementor elementor-17\" data-elementor-settings=\"[]\">\n\t\t\t\t\t\t<div class=\"elementor-inner\">\n\t\t\t\t\t\t\t<div class=\"elementor-section-wrap\">\n\t\t\t\t\t\t\t<section data-particle_enable=\"false\" class=\"elementor-section elementor-top-section elementor-element elementor-element-71c6675 elementor-section-boxed elementor-section-height-default elementor-section-height-default\" data-id=\"71c6675\" data-element_type=\"section\">\n\t\t\t\t\t\t\t<div class=\"elementor-background-overlay\"><\/div>\n\t\t\t\t\t\t\t<div class=\"elementor-container elementor-column-gap-no\">\n\t\t\t\t\t\t\t<div class=\"elementor-row\">\n\t\t\t\t\t<div class=\"elementor-column elementor-col-50 elementor-top-column elementor-element elementor-element-19973da2\" data-id=\"19973da2\" data-element_type=\"column\" data-settings=\"{&quot;background_background&quot;:&quot;classic&quot;}\">\n\t\t\t<div class=\"elementor-column-wrap elementor-element-populated\">\n\t\t\t\t\t\t\t<div class=\"elementor-widget-wrap\">\n\t\t\t\t\t\t<div class=\"elementor-element elementor-element-1691da1b elementor-widget elementor-widget-heading\" data-id=\"1691da1b\" data-element_type=\"widget\" data-widget_type=\"heading.default\">\n\t\t\t\t<div class=\"elementor-widget-container\">\n\t\t\t<h2 class=\"elementor-heading-title elementor-size-default\">Contact Us<\/h2>\t\t<\/div>\n\t\t\t\t<\/div>\n\t\t\t\t<div class=\"elementor-element elementor-element-423c2d49 elementor-widget elementor-widget-eael-feature-list\" data-id=\"423c2d49\" data-element_type=\"widget\" data-widget_type=\"eael-feature-list.default\">\n\t\t\t\t<div class=\"elementor-widget-container\">\n\t\t\t\t\t<div class=\"-icon-position-left -tablet-icon-position-left -mobile-icon-position-left\">\n\t\t\t<ul id=\"eael-feature-list-423c2d49\" class=\"eael-feature-list-items square stacked connector-type-classic\">\n\t\t\t                <li class=\"eael-feature-list-item elementor-repeater-item-71fd0d9\">\n                                            <span class=\"connector\" style=\"right: calc(100% - 42px); left: 0;\"><\/span>\n                        <span class=\"connector connector-tablet\" style=\"right: calc(100% - 42px); left: 0;\"><\/span>\n                        <span class=\"connector connector-mobile\" style=\"right: calc(100% - 42px); left: 0;\"><\/span>\n                    \n\t\t\t\t\t\t<div class=\"eael-feature-list-icon-box\">\n\t\t\t\t\t\t\t<div class=\"eael-feature-list-icon-inner\">\n\n\t\t\t\t\t\t\t\t<a class=\"eael-feature-list-icon fl-icon-0\"href=\"tel:904448133\">\n\n\t\t<i aria-hidden=\"true\" class=\"fas fa-phone\"><\/i>\t\t\t\t\t\t\t\t<\/a>\n\t\t\t\t\t\t\t<\/div>\n\t\t\t\t\t\t<\/div>\n\t\t\t\t\t\t<div class=\"eael-feature-list-content-box\">\n\t\t\t\t\t\t\t<div class=\"eael-feature-list-title\"\t\t\t\t\t\t\t><a href=\"tel:904448133\">Office Phone<\/a><\/div\t\t\t\t\t\t>\n\t\t\t\t\t\t<p class=\"eael-feature-list-content\">444 81 33<\/p>\n\t\t\t\t\t\t<\/div>\n\n\t\t\t\t\t<\/li>\n\t\t\t\t                <li class=\"eael-feature-list-item elementor-repeater-item-8c46d5d\">\n                                            <span class=\"connector\" style=\"right: calc(100% - 42px); left: 0;\"><\/span>\n                        <span class=\"connector connector-tablet\" style=\"right: calc(100% - 42px); left: 0;\"><\/span>\n                        <span class=\"connector connector-mobile\" style=\"right: calc(100% - 42px); left: 0;\"><\/span>\n                    \n\t\t\t\t\t\t<div class=\"eael-feature-list-icon-box\">\n\t\t\t\t\t\t\t<div class=\"eael-feature-list-icon-inner\">\n\n\t\t\t\t\t\t\t\t<a class=\"eael-feature-list-icon fl-icon-1\"href=\"mailto:info@vld.com.tr\">\n\n\t\t<i aria-hidden=\"true\" class=\"fas fa-envelope\"><\/i>\t\t\t\t\t\t\t\t<\/a>\n\t\t\t\t\t\t\t<\/div>\n\t\t\t\t\t\t<\/div>\n\t\t\t\t\t\t<div class=\"eael-feature-list-content-box\">\n\t\t\t\t\t\t\t<div class=\"eael-feature-list-title\"\t\t\t\t\t\t\t><a href=\"mailto:info@vld.com.tr\">E-mail<\/a><\/div\t\t\t\t\t\t>\n\t\t\t\t\t\t<p class=\"eael-feature-list-content\">info@vld.com.tr<\/p>\n\t\t\t\t\t\t<\/div>\n\n\t\t\t\t\t<\/li>\n\t\t\t\t                <li class=\"eael-feature-list-item elementor-repeater-item-8f0af48\">\n                                            <span class=\"connector\" style=\"right: calc(100% - 42px); left: 0;\"><\/span>\n                        <span class=\"connector connector-tablet\" style=\"right: calc(100% - 42px); left: 0;\"><\/span>\n                        <span class=\"connector connector-mobile\" style=\"right: calc(100% - 42px); left: 0;\"><\/span>\n                    \n\t\t\t\t\t\t<div class=\"eael-feature-list-icon-box\">\n\t\t\t\t\t\t\t<div class=\"eael-feature-list-icon-inner\">\n\n\t\t\t\t\t\t\t\t<a class=\"eael-feature-list-icon fl-icon-2\"href=\"https:\/\/www.google.com\/maps\/dir\/\/G%C3%B6ksu,+Seda+%C3%87k.+No:4,+34815+Beykoz%2F%C4%B0stanbul\/@41.0791005,29.0705608,18.5z\/data=!4m9!4m8!1m0!1m5!1m1!1s0x14cac9a095295f31:0xf894f7256444e397!2m2!1d29.0712924!2d41.0790817!3e0\">\n\n\t\t<i aria-hidden=\"true\" class=\"fas fa-map-marker-alt\"><\/i>\t\t\t\t\t\t\t\t<\/a>\n\t\t\t\t\t\t\t<\/div>\n\t\t\t\t\t\t<\/div>\n\t\t\t\t\t\t<div class=\"eael-feature-list-content-box\">\n\t\t\t\t\t\t\t<div class=\"eael-feature-list-title\"\t\t\t\t\t\t\t><a href=\"https:\/\/www.google.com\/maps\/dir\/\/G%C3%B6ksu,+Seda+%C3%87k.+No:4,+34815+Beykoz%2F%C4%B0stanbul\/@41.0791005,29.0705608,18.5z\/data=!4m9!4m8!1m0!1m5!1m1!1s0x14cac9a095295f31:0xf894f7256444e397!2m2!1d29.0712924!2d41.0790817!3e0\">Address<\/a><\/div\t\t\t\t\t\t>\n\t\t\t\t\t\t<p class=\"eael-feature-list-content\">G\u00f6ksu Mah. \u00c7uvalc\u0131 Sk. Seda \u00c7\u0131kmaz\u0131 No:4 \u2013 34815 Anadoluhisar\u0131 Beykoz\/\u0130stanbul<\/p>\n\t\t\t\t\t\t<\/div>\n\n\t\t\t\t\t<\/li>\n\t\t\t\t\t\t\t<\/ul>\n\t\t<\/div>\n\t\t\t\t<\/div>\n\t\t\t\t<\/div>\n\t\t\t\t\t\t<\/div>\n\t\t\t\t\t<\/div>\n\t\t<\/div>\n\t\t\t\t<div class=\"elementor-column elementor-col-50 elementor-top-column elementor-element elementor-element-5bcd28f3\" data-id=\"5bcd28f3\" data-element_type=\"column\">\n\t\t\t<div class=\"elementor-column-wrap elementor-element-populated\">\n\t\t\t\t\t\t\t<div class=\"elementor-widget-wrap\">\n\t\t\t\t\t\t<div class=\"elementor-element elementor-element-2ef2bd15 elementor-widget elementor-widget-heading\" data-id=\"2ef2bd15\" data-element_type=\"widget\" data-widget_type=\"heading.default\">\n\t\t\t\t<div class=\"elementor-widget-container\">\n\t\t\t<h2 class=\"elementor-heading-title elementor-size-default\">Contact Us<\/h2>\t\t<\/div>\n\t\t\t\t<\/div>\n\t\t\t\t<div class=\"elementor-element elementor-element-5107b137 elementor-button-align-end elementor-mobile-button-align-stretch elementor-widget elementor-widget-form\" data-id=\"5107b137\" data-element_type=\"widget\" data-settings=\"{&quot;step_next_label&quot;:&quot;Sonraki&quot;,&quot;step_previous_label&quot;:&quot;\\u00d6nceki&quot;,&quot;button_width_mobile&quot;:&quot;100&quot;,&quot;button_width&quot;:&quot;100&quot;,&quot;step_type&quot;:&quot;number_text&quot;,&quot;step_icon_shape&quot;:&quot;circle&quot;}\" data-widget_type=\"form.default\">\n\t\t\t\t<div class=\"elementor-widget-container\">\n\t\t\t\t\t<form class=\"elementor-form\" method=\"post\" id=\"iletisim-mail\" name=\"New Form\" action=\"\">\n\t\t\t<input type=\"hidden\" name=\"post_id\" value=\"17\"\/>\n\t\t\t<input type=\"hidden\" name=\"form_id\" value=\"5107b137\"\/>\n\n\t\t\t\n\t\t\t<div class=\"elementor-form-fields-wrapper elementor-labels-\">\n\t\t\t\t\t\t\t\t<div class=\"elementor-field-type-text elementor-field-group elementor-column elementor-field-group-adiniz elementor-col-100 elementor-field-required\">\n\t\t\t\t\t<label for=\"form-field-adiniz\" class=\"elementor-field-label elementor-screen-only\">Name<\/label><input size=\"1\" type=\"text\" name=\"form_fields[adiniz]\" id=\"form-field-adiniz\" class=\"elementor-field elementor-size-xl  elementor-field-textual\" placeholder=\"Your Name\" required=\"required\" aria-required=\"true\">\t\t\t\t<\/div>\n\t\t\t\t\t\t\t\t<div class=\"elementor-field-type-tel elementor-field-group elementor-column elementor-field-group-telefon elementor-col-100 elementor-field-required\">\n\t\t\t\t\t<label for=\"form-field-telefon\" class=\"elementor-field-label elementor-screen-only\">Phone<\/label><input size=\"1\" type=\"tel\" name=\"form_fields[telefon]\" id=\"form-field-telefon\" class=\"elementor-field elementor-size-xl  elementor-field-textual\" placeholder=\"Phone\" required=\"required\" aria-required=\"true\" pattern=\"[0-9()#&amp;+*-=.]+\" title=\"Only numbers and phone characters (#, -, *, etc) are accepted.\">\t\t\t\t<\/div>\n\t\t\t\t\t\t\t\t<div class=\"elementor-field-type-textarea elementor-field-group elementor-column elementor-field-group-mesaj elementor-col-100 elementor-field-required\">\n\t\t\t\t\t<label for=\"form-field-mesaj\" class=\"elementor-field-label elementor-screen-only\">Message<\/label><textarea class=\"elementor-field-textual elementor-field  elementor-size-xl\" name=\"form_fields[mesaj]\" id=\"form-field-mesaj\" rows=\"\" placeholder=\"Message\" required=\"required\" aria-required=\"true\"><\/textarea>\t\t\t\t<\/div>\n\t\t\t\t\t\t\t\t<div class=\"elementor-field-group elementor-column elementor-field-type-submit elementor-col-100 e-form__buttons elementor-sm-100\">\n\t\t\t\t\t<button type=\"submit\" class=\"elementor-button elementor-size-md\">\n\t\t\t\t\t\t<span >\n\t\t\t\t\t\t\t\t\t\t\t\t\t\t\t<span class=\"elementor-align-icon-left elementor-button-icon\">\n\t\t\t\t\t\t\t\t\t<i aria-hidden=\"true\" class=\"fas fa-location-arrow\"><\/i>\t\t\t\t\t\t\t\t\t\t\t\t\t\t\t\t\t<\/span>\n\t\t\t\t\t\t\t\t\t\t\t\t\t\t\t\t\t\t\t\t\t\t<span class=\"elementor-button-text\">Send<\/span>\n\t\t\t\t\t\t\t\t\t\t\t\t\t<\/span>\n\t\t\t\t\t<\/button>\n\t\t\t\t<\/div>\n\t\t\t<\/div>\n\t\t<input type=\"hidden\" name=\"trp-form-language\" value=\"en\"\/><\/form>\n\t\t\t\t<\/div>\n\t\t\t\t<\/div>\n\t\t\t\t\t\t<\/div>\n\t\t\t\t\t<\/div>\n\t\t<\/div>\n\t\t\t\t\t\t\t\t<\/div>\n\t\t\t\t\t<\/div>\n\t\t<\/section>\n\t\t\t\t<section data-particle_enable=\"false\" class=\"elementor-section elementor-top-section elementor-element elementor-element-69b4e94 elementor-section-full_width elementor-section-height-default elementor-section-height-default\" data-id=\"69b4e94\" data-element_type=\"section\">\n\t\t\t\t\t\t<div class=\"elementor-container elementor-column-gap-no\">\n\t\t\t\t\t\t\t<div class=\"elementor-row\">\n\t\t\t\t\t<div class=\"elementor-column elementor-col-100 elementor-top-column elementor-element elementor-element-6d93c20\" data-id=\"6d93c20\" data-element_type=\"column\">\n\t\t\t<div class=\"elementor-column-wrap elementor-element-populated\">\n\t\t\t\t\t\t\t<div class=\"elementor-widget-wrap\">\n\t\t\t\t\t\t<div class=\"elementor-element elementor-element-a06ce59 elementor-widget elementor-widget-google_maps\" data-id=\"a06ce59\" data-element_type=\"widget\" data-widget_type=\"google_maps.default\">\n\t\t\t\t<div class=\"elementor-widget-container\">\n\t\t\t<div class=\"elementor-custom-embed\"><iframe frameborder=\"0\" scrolling=\"no\" marginheight=\"0\" marginwidth=\"0\" src=\"https:\/\/maps.google.com\/maps?q=G%C3%B6ksu%20Mah.%20%C3%87uvalc%C4%B1%20Sk.%20Seda%20%C3%87%C4%B1kmaz%C4%B1%20No%3A4%20%E2%80%93%2034815%20Anadoluhisar%C4%B1%20Beykoz%2F%C4%B0stanbul&amp;t=m&amp;z=17&amp;output=embed&amp;iwloc=near\" title=\"G\u00f6ksu Mah. \u00c7uvalc\u0131 Sk. Seda \u00c7\u0131kmaz\u0131 No:4 \u2013 34815 Anadoluhisar\u0131 Beykoz\/\u0130stanbul\" aria-label=\"G\u00f6ksu Mah. \u00c7uvalc\u0131 Sk. Seda \u00c7\u0131kmaz\u0131 No:4 \u2013 34815 Anadoluhisar\u0131 Beykoz\/\u0130stanbul\"><\/iframe><\/div>\t\t<\/div>\n\t\t\t\t<\/div>\n\t\t\t\t\t\t<\/div>\n\t\t\t\t\t<\/div>\n\t\t<\/div>\n\t\t\t\t\t\t\t\t<\/div>\n\t\t\t\t\t<\/div>\n\t\t<\/section>\n\t\t\t\t\t\t<\/div>\n\t\t\t\t\t\t<\/div>\n\t\t\t\t\t<\/div>","protected":false},"excerpt":{"rendered":"<p>Bize Ula\u015f\u0131n Ofis \u0130leti\u015fim 444 81 33 E-posta info@vld.com.tr Ula\u015f\u0131m G\u00f6ksu Mah. \u00c7uvalc\u0131 Sk. Seda \u00c7\u0131kmaz\u0131 No:4 \u2013 34815 Anadoluhisar\u0131 Beykoz\/\u0130stanbul Bize Yaz\u0131n<\/p>","protected":false},"author":1,"featured_media":0,"parent":0,"menu_order":0,"comment_status":"closed","ping_status":"closed","template":"elementor_header_footer","meta":[],"_links":{"self":[{"href":"https:\/\/vld.com.tr\/en\/wp-json\/wp\/v2\/pages\/17"}],"collection":[{"href":"https:\/\/vld.com.tr\/en\/wp-json\/wp\/v2\/pages"}],"about":[{"href":"https:\/\/vld.com.tr\/en\/wp-json\/wp\/v2\/types\/page"}],"author":[{"embeddable":true,"href":"https:\/\/vld.com.tr\/en\/wp-json\/wp\/v2\/users\/1"}],"replies":[{"embeddable":true,"href":"https:\/\/vld.com.tr\/en\/wp-json\/wp\/v2\/comments?post=17"}],"version-history":[{"count":19,"href":"https:\/\/vld.com.tr\/en\/wp-json\/wp\/v2\/pages\/17\/revisions"}],"predecessor-version":[{"id":587,"href":"https:\/\/vld.com.tr\/en\/wp-json\/wp\/v2\/pages\/17\/revisions\/587"}],"wp:attachment":[{"href":"https:\/\/vld.com.tr\/en\/wp-json\/wp\/v2\/media?parent=17"}],"curies":[{"name":"wp","href":"https:\/\/api.w.org\/{rel}","templated":true}]}}