{"id":11,"date":"2021-04-23T08:55:49","date_gmt":"2021-04-23T08:55:49","guid":{"rendered":"https:\/\/pulsarhidrojen.com\/zeva\/?page_id=11"},"modified":"2021-12-22T20:51:09","modified_gmt":"2021-12-22T20:51:09","slug":"urunumuz","status":"publish","type":"page","link":"https:\/\/vld.com.tr\/en\/urunumuz\/","title":{"rendered":"Our Product"},"content":{"rendered":"<div data-elementor-type=\"wp-page\" data-elementor-id=\"11\" class=\"elementor elementor-11\" data-elementor-settings=\"[]\">\n\t\t\t\t\t\t<div class=\"elementor-inner\">\n\t\t\t\t\t\t\t<div class=\"elementor-section-wrap\">\n\t\t\t\t\t\t\t<section data-particle_enable=\"false\" class=\"elementor-section elementor-top-section elementor-element elementor-element-ff0bfe8 elementor-section-boxed elementor-section-height-default elementor-section-height-default\" data-id=\"ff0bfe8\" data-element_type=\"section\">\n\t\t\t\t\t\t<div class=\"elementor-container elementor-column-gap-default\">\n\t\t\t\t\t\t\t<div class=\"elementor-row\">\n\t\t\t\t\t<div class=\"elementor-column elementor-col-50 elementor-top-column elementor-element elementor-element-9b8a4c9\" data-id=\"9b8a4c9\" data-element_type=\"column\">\n\t\t\t<div class=\"elementor-column-wrap elementor-element-populated\">\n\t\t\t\t\t\t\t<div class=\"elementor-widget-wrap\">\n\t\t\t\t\t\t<div class=\"elementor-element elementor-element-7d33b24 elementor-widget elementor-widget-image\" data-id=\"7d33b24\" data-element_type=\"widget\" data-widget_type=\"image.default\">\n\t\t\t\t<div class=\"elementor-widget-container\">\n\t\t\t\t\t<div class=\"elementor-image\">\n\t\t\t\t\t\t\t\t\t\t<img width=\"750\" height=\"316\" src=\"https:\/\/vld.com.tr\/wp-content\/uploads\/2021\/05\/Resim15.png\" class=\"attachment-large size-large\" alt=\"\" decoding=\"async\" loading=\"lazy\" srcset=\"https:\/\/vld.com.tr\/wp-content\/uploads\/2021\/05\/Resim15.png 757w, https:\/\/vld.com.tr\/wp-content\/uploads\/2021\/05\/Resim15-300x126.png 300w\" sizes=\"(max-width: 750px) 100vw, 750px\" style=\"width:100%;height:42.14%;max-width:757px;\" \/>\t\t\t\t\t\t\t\t\t\t\t<\/div>\n\t\t\t\t<\/div>\n\t\t\t\t<\/div>\n\t\t\t\t\t\t<\/div>\n\t\t\t\t\t<\/div>\n\t\t<\/div>\n\t\t\t\t<div class=\"elementor-column elementor-col-50 elementor-top-column elementor-element elementor-element-cbbee35\" data-id=\"cbbee35\" data-element_type=\"column\">\n\t\t\t<div class=\"elementor-column-wrap elementor-element-populated\">\n\t\t\t\t\t\t\t<div class=\"elementor-widget-wrap\">\n\t\t\t\t\t\t<div class=\"elementor-element elementor-element-5497a40 elementor-widget elementor-widget-text-editor\" data-id=\"5497a40\" data-element_type=\"widget\" data-widget_type=\"text-editor.default\">\n\t\t\t\t<div class=\"elementor-widget-container\">\n\t\t\t\t\t<div class=\"elementor-text-editor elementor-clearfix\"><p>VLD Engineering allows the flue gas and water to react by spraying water passed through catalysts into the flue gas from a certain area between the combustion chamber and the chimney. Carbon monoxide from the flue gas combines with the oxygen in the water and becomes Carbon Dioxide and Hydrogen is released. We can reduce fuel consumption by separating this hydrogen from the flue gas and using it as a secondary fuel.<\/p><\/div>\n\t\t\t\t<\/div>\n\t\t\t\t<\/div>\n\t\t\t\t\t\t<\/div>\n\t\t\t\t\t<\/div>\n\t\t<\/div>\n\t\t\t\t\t\t\t\t<\/div>\n\t\t\t\t\t<\/div>\n\t\t<\/section>\n\t\t\t\t<section data-particle_enable=\"false\" class=\"elementor-section elementor-top-section elementor-element elementor-element-afe0fb8 elementor-section-boxed elementor-section-height-default elementor-section-height-default\" data-id=\"afe0fb8\" data-element_type=\"section\">\n\t\t\t\t\t\t<div class=\"elementor-container elementor-column-gap-default\">\n\t\t\t\t\t\t\t<div class=\"elementor-row\">\n\t\t\t\t\t<div class=\"elementor-column elementor-col-50 elementor-top-column elementor-element elementor-element-029ce15\" data-id=\"029ce15\" data-element_type=\"column\">\n\t\t\t<div class=\"elementor-column-wrap elementor-element-populated\">\n\t\t\t\t\t\t\t<div class=\"elementor-widget-wrap\">\n\t\t\t\t\t\t<div class=\"elementor-element elementor-element-8796683 elementor-widget elementor-widget-text-editor\" data-id=\"8796683\" data-element_type=\"widget\" data-widget_type=\"text-editor.default\">\n\t\t\t\t<div class=\"elementor-widget-container\">\n\t\t\t\t\t<div class=\"elementor-text-editor elementor-clearfix\"><p>\u2022 Since hydrogen does not emit waste gas during combustion, both carbon monoxide and carbon dioxide ratios decrease during combustion.<\/p>\n<p>\u2022 The only separator in the world that can separate hydrogen from flue gas at a sufficient purity rate (over 99%). <strong>VLD M\u00fchendislik taraf\u0131ndan patentlenmi\u015ftir<\/strong>.<\/p>\n<p><\/p>\n<p>Our separator is simply a filter made of palladium alloy, and thanks to its very small porous structure, it can separate hydrogen from flue gases, whose atomic size is relatively small from other gases.<\/p><\/div>\n\t\t\t\t<\/div>\n\t\t\t\t<\/div>\n\t\t\t\t\t\t<\/div>\n\t\t\t\t\t<\/div>\n\t\t<\/div>\n\t\t\t\t<div class=\"elementor-column elementor-col-50 elementor-top-column elementor-element elementor-element-e9693f1\" data-id=\"e9693f1\" data-element_type=\"column\">\n\t\t\t<div class=\"elementor-column-wrap elementor-element-populated\">\n\t\t\t\t\t\t\t<div class=\"elementor-widget-wrap\">\n\t\t\t\t\t\t<div class=\"elementor-element elementor-element-652f9d6 elementor-view-default elementor-invisible elementor-widget elementor-widget-icon\" data-id=\"652f9d6\" data-element_type=\"widget\" data-settings=\"{&quot;_animation&quot;:&quot;slideInDown&quot;}\" data-widget_type=\"icon.default\">\n\t\t\t\t<div class=\"elementor-widget-container\">\n\t\t\t\t\t<div class=\"elementor-icon-wrapper\">\n\t\t\t<div class=\"elementor-icon\">\n\t\t\t<i aria-hidden=\"true\" class=\"fas fa-arrow-down\"><\/i>\t\t\t<\/div>\n\t\t<\/div>\n\t\t\t\t<\/div>\n\t\t\t\t<\/div>\n\t\t\t\t<div class=\"elementor-element elementor-element-f0f55f4 elementor-widget elementor-widget-text-editor\" data-id=\"f0f55f4\" data-element_type=\"widget\" data-widget_type=\"text-editor.default\">\n\t\t\t\t<div class=\"elementor-widget-container\">\n\t\t\t\t\t<div class=\"elementor-text-editor elementor-clearfix\">CO+H<sub>2<\/sub>O => CO<sub>2<\/sub>+H<sub>2<\/sub>\n<br>\nCH<sub>4<\/sub>+H<sub>2<\/sub>0=>CO+3H<sub>2<\/sub>\n<\/div>\n\t\t\t\t<\/div>\n\t\t\t\t<\/div>\n\t\t\t\t\t\t<\/div>\n\t\t\t\t\t<\/div>\n\t\t<\/div>\n\t\t\t\t\t\t\t\t<\/div>\n\t\t\t\t\t<\/div>\n\t\t<\/section>\n\t\t\t\t<section data-particle_enable=\"false\" class=\"elementor-section elementor-top-section elementor-element elementor-element-75e4d58 elementor-section-boxed elementor-section-height-default elementor-section-height-default\" data-id=\"75e4d58\" data-element_type=\"section\">\n\t\t\t\t\t\t<div class=\"elementor-container elementor-column-gap-default\">\n\t\t\t\t\t\t\t<div class=\"elementor-row\">\n\t\t\t\t\t<div class=\"elementor-column elementor-col-100 elementor-top-column elementor-element elementor-element-88e3444\" data-id=\"88e3444\" data-element_type=\"column\">\n\t\t\t<div class=\"elementor-column-wrap elementor-element-populated\">\n\t\t\t\t\t\t\t<div class=\"elementor-widget-wrap\">\n\t\t\t\t\t\t<div class=\"elementor-element elementor-element-6ee8772 elementor-widget elementor-widget-heading\" data-id=\"6ee8772\" data-element_type=\"widget\" data-widget_type=\"heading.default\">\n\t\t\t\t<div class=\"elementor-widget-container\">\n\t\t\t<h2 class=\"elementor-heading-title elementor-size-default\">VLD Seperator<\/h2>\t\t<\/div>\n\t\t\t\t<\/div>\n\t\t\t\t\t\t<\/div>\n\t\t\t\t\t<\/div>\n\t\t<\/div>\n\t\t\t\t\t\t\t\t<\/div>\n\t\t\t\t\t<\/div>\n\t\t<\/section>\n\t\t\t\t<section data-particle_enable=\"false\" class=\"elementor-section elementor-top-section elementor-element elementor-element-1bc83b2 elementor-section-boxed elementor-section-height-default elementor-section-height-default\" data-id=\"1bc83b2\" data-element_type=\"section\">\n\t\t\t\t\t\t<div class=\"elementor-container elementor-column-gap-default\">\n\t\t\t\t\t\t\t<div class=\"elementor-row\">\n\t\t\t\t\t<div class=\"elementor-column elementor-col-33 elementor-top-column elementor-element elementor-element-5ca5f01\" data-id=\"5ca5f01\" data-element_type=\"column\">\n\t\t\t<div class=\"elementor-column-wrap elementor-element-populated\">\n\t\t\t\t\t\t\t<div class=\"elementor-widget-wrap\">\n\t\t\t\t\t\t<div class=\"elementor-element elementor-element-07310eb elementor-widget elementor-widget-image\" data-id=\"07310eb\" data-element_type=\"widget\" data-widget_type=\"image.default\">\n\t\t\t\t<div class=\"elementor-widget-container\">\n\t\t\t\t\t<div class=\"elementor-image\">\n\t\t\t\t\t\t\t\t\t\t<img width=\"426\" height=\"246\" src=\"https:\/\/vld.com.tr\/wp-content\/uploads\/2021\/05\/Resim17.jpg\" class=\"attachment-large size-large\" alt=\"\" decoding=\"async\" loading=\"lazy\" srcset=\"https:\/\/vld.com.tr\/wp-content\/uploads\/2021\/05\/Resim17.jpg 426w, https:\/\/vld.com.tr\/wp-content\/uploads\/2021\/05\/Resim17-300x173.jpg 300w\" sizes=\"(max-width: 426px) 100vw, 426px\" style=\"width:100%;height:57.75%;max-width:426px;\" \/>\t\t\t\t\t\t\t\t\t\t\t<\/div>\n\t\t\t\t<\/div>\n\t\t\t\t<\/div>\n\t\t\t\t<div class=\"elementor-element elementor-element-c411911 elementor-widget elementor-widget-heading\" data-id=\"c411911\" data-element_type=\"widget\" data-widget_type=\"heading.default\">\n\t\t\t\t<div class=\"elementor-widget-container\">\n\t\t\t<h2 class=\"elementor-heading-title elementor-size-default\">Composite<\/h2>\t\t<\/div>\n\t\t\t\t<\/div>\n\t\t\t\t\t\t<\/div>\n\t\t\t\t\t<\/div>\n\t\t<\/div>\n\t\t\t\t<div class=\"elementor-column elementor-col-33 elementor-top-column elementor-element elementor-element-66bd884\" data-id=\"66bd884\" data-element_type=\"column\">\n\t\t\t<div class=\"elementor-column-wrap elementor-element-populated\">\n\t\t\t\t\t\t\t<div class=\"elementor-widget-wrap\">\n\t\t\t\t\t\t<div class=\"elementor-element elementor-element-8f622f5 elementor-widget elementor-widget-image\" data-id=\"8f622f5\" data-element_type=\"widget\" data-widget_type=\"image.default\">\n\t\t\t\t<div class=\"elementor-widget-container\">\n\t\t\t\t\t<div class=\"elementor-image\">\n\t\t\t\t\t\t\t\t\t\t<img width=\"425\" height=\"246\" src=\"https:\/\/vld.com.tr\/wp-content\/uploads\/2021\/05\/Resim18.jpg\" class=\"attachment-large size-large\" alt=\"\" decoding=\"async\" loading=\"lazy\" srcset=\"https:\/\/vld.com.tr\/wp-content\/uploads\/2021\/05\/Resim18.jpg 425w, https:\/\/vld.com.tr\/wp-content\/uploads\/2021\/05\/Resim18-300x174.jpg 300w\" sizes=\"(max-width: 425px) 100vw, 425px\" style=\"width:100%;height:57.88%;max-width:425px;\" \/>\t\t\t\t\t\t\t\t\t\t\t<\/div>\n\t\t\t\t<\/div>\n\t\t\t\t<\/div>\n\t\t\t\t<div class=\"elementor-element elementor-element-d63f98b elementor-widget elementor-widget-heading\" data-id=\"d63f98b\" data-element_type=\"widget\" data-widget_type=\"heading.default\">\n\t\t\t\t<div class=\"elementor-widget-container\">\n\t\t\t<h2 class=\"elementor-heading-title elementor-size-default\">Decomposition<\/h2>\t\t<\/div>\n\t\t\t\t<\/div>\n\t\t\t\t\t\t<\/div>\n\t\t\t\t\t<\/div>\n\t\t<\/div>\n\t\t\t\t<div class=\"elementor-column elementor-col-33 elementor-top-column elementor-element elementor-element-387d320\" data-id=\"387d320\" data-element_type=\"column\">\n\t\t\t<div class=\"elementor-column-wrap elementor-element-populated\">\n\t\t\t\t\t\t\t<div class=\"elementor-widget-wrap\">\n\t\t\t\t\t\t<div class=\"elementor-element elementor-element-be1f6a1 elementor-widget elementor-widget-image\" data-id=\"be1f6a1\" data-element_type=\"widget\" data-widget_type=\"image.default\">\n\t\t\t\t<div class=\"elementor-widget-container\">\n\t\t\t\t\t<div class=\"elementor-image\">\n\t\t\t\t\t\t\t\t\t\t<img width=\"640\" height=\"384\" src=\"https:\/\/vld.com.tr\/wp-content\/uploads\/2021\/05\/Resim19.png\" class=\"attachment-large size-large\" alt=\"\" decoding=\"async\" loading=\"lazy\" srcset=\"https:\/\/vld.com.tr\/wp-content\/uploads\/2021\/05\/Resim19.png 640w, https:\/\/vld.com.tr\/wp-content\/uploads\/2021\/05\/Resim19-300x180.png 300w\" sizes=\"(max-width: 640px) 100vw, 640px\" style=\"width:100%;height:60%;max-width:640px;\" \/>\t\t\t\t\t\t\t\t\t\t\t<\/div>\n\t\t\t\t<\/div>\n\t\t\t\t<\/div>\n\t\t\t\t<div class=\"elementor-element elementor-element-f814f18 elementor-widget elementor-widget-heading\" data-id=\"f814f18\" data-element_type=\"widget\" data-widget_type=\"heading.default\">\n\t\t\t\t<div class=\"elementor-widget-container\">\n\t\t\t<h2 class=\"elementor-heading-title elementor-size-default\">Working Principle<\/h2>\t\t<\/div>\n\t\t\t\t<\/div>\n\t\t\t\t\t\t<\/div>\n\t\t\t\t\t<\/div>\n\t\t<\/div>\n\t\t\t\t\t\t\t\t<\/div>\n\t\t\t\t\t<\/div>\n\t\t<\/section>\n\t\t\t\t<section data-particle_enable=\"false\" class=\"elementor-section elementor-top-section elementor-element elementor-element-d8193c2 elementor-section-boxed elementor-section-height-default elementor-section-height-default\" data-id=\"d8193c2\" data-element_type=\"section\">\n\t\t\t\t\t\t<div class=\"elementor-container elementor-column-gap-default\">\n\t\t\t\t\t\t\t<div class=\"elementor-row\">\n\t\t\t\t\t<div class=\"elementor-column elementor-col-100 elementor-top-column elementor-element elementor-element-5f161f5\" data-id=\"5f161f5\" data-element_type=\"column\">\n\t\t\t<div class=\"elementor-column-wrap elementor-element-populated\">\n\t\t\t\t\t\t\t<div class=\"elementor-widget-wrap\">\n\t\t\t\t\t\t<div class=\"elementor-element elementor-element-20374f4 elementor-widget elementor-widget-image\" data-id=\"20374f4\" data-element_type=\"widget\" data-widget_type=\"image.default\">\n\t\t\t\t<div class=\"elementor-widget-container\">\n\t\t\t\t\t<div class=\"elementor-image\">\n\t\t\t\t\t\t\t\t\t\t<img width=\"750\" height=\"422\" src=\"https:\/\/vld.com.tr\/wp-content\/uploads\/2021\/05\/Internet-sitesi-icerik-1024x576.jpg\" class=\"attachment-large size-large\" alt=\"\" decoding=\"async\" loading=\"lazy\" srcset=\"https:\/\/vld.com.tr\/wp-content\/uploads\/2021\/05\/Internet-sitesi-icerik-1024x576.jpg 1024w, https:\/\/vld.com.tr\/wp-content\/uploads\/2021\/05\/Internet-sitesi-icerik-300x169.jpg 300w, https:\/\/vld.com.tr\/wp-content\/uploads\/2021\/05\/Internet-sitesi-icerik-768x432.jpg 768w, https:\/\/vld.com.tr\/wp-content\/uploads\/2021\/05\/Internet-sitesi-icerik-1536x864.jpg 1536w, https:\/\/vld.com.tr\/wp-content\/uploads\/2021\/05\/Internet-sitesi-icerik-1568x882.jpg 1568w, https:\/\/vld.com.tr\/wp-content\/uploads\/2021\/05\/Internet-sitesi-icerik.jpg 2000w\" sizes=\"(max-width: 750px) 100vw, 750px\" style=\"width:100%;height:56.25%;max-width:2000px;\" \/>\t\t\t\t\t\t\t\t\t\t\t<\/div>\n\t\t\t\t<\/div>\n\t\t\t\t<\/div>\n\t\t\t\t\t\t<\/div>\n\t\t\t\t\t<\/div>\n\t\t<\/div>\n\t\t\t\t\t\t\t\t<\/div>\n\t\t\t\t\t<\/div>\n\t\t<\/section>\n\t\t\t\t\t\t<\/div>\n\t\t\t\t\t\t<\/div>\n\t\t\t\t\t<\/div>","protected":false},"excerpt":{"rendered":"<p>VLD M\u00fchendislik yanma odas\u0131 ile baca aras\u0131nda belirli bir b\u00f6lgeden baca gaz\u0131na kataliz\u00f6rlerden ge\u00e7irilmi\u015f su p\u00fcsk\u00fcrterek baca gaz\u0131 ile suyun reaksiyona girmesine olanak sa\u011flar. Baca gaz\u0131ndan yer alan karbon karbonmonoksit suyun i\u00e7erisinde yer alan oksijen ile birle\u015ferek Karbondioksit haline gelir ve Hidrojen a\u00e7\u0131\u011fa \u00e7\u0131kar. Bu hidrojeni baca gaz\u0131ndan ay\u0131rarak ikincil yak\u0131t olarak kullan\u0131p yak\u0131t t\u00fcketimini&hellip; <a class=\"more-link\" href=\"https:\/\/vld.com.tr\/en\/urunumuz\/\">Continue reading <span class=\"screen-reader-text\">Our Product<\/span><\/a><\/p>","protected":false},"author":1,"featured_media":0,"parent":0,"menu_order":0,"comment_status":"closed","ping_status":"closed","template":"elementor_header_footer","meta":[],"_links":{"self":[{"href":"https:\/\/vld.com.tr\/en\/wp-json\/wp\/v2\/pages\/11"}],"collection":[{"href":"https:\/\/vld.com.tr\/en\/wp-json\/wp\/v2\/pages"}],"about":[{"href":"https:\/\/vld.com.tr\/en\/wp-json\/wp\/v2\/types\/page"}],"author":[{"embeddable":true,"href":"https:\/\/vld.com.tr\/en\/wp-json\/wp\/v2\/users\/1"}],"replies":[{"embeddable":true,"href":"https:\/\/vld.com.tr\/en\/wp-json\/wp\/v2\/comments?post=11"}],"version-history":[{"count":40,"href":"https:\/\/vld.com.tr\/en\/wp-json\/wp\/v2\/pages\/11\/revisions"}],"predecessor-version":[{"id":499,"href":"https:\/\/vld.com.tr\/en\/wp-json\/wp\/v2\/pages\/11\/revisions\/499"}],"wp:attachment":[{"href":"https:\/\/vld.com.tr\/en\/wp-json\/wp\/v2\/media?parent=11"}],"curies":[{"name":"wp","href":"https:\/\/api.w.org\/{rel}","templated":true}]}}